{"id":293,"date":"2025-06-12T12:41:57","date_gmt":"2025-06-12T10:41:57","guid":{"rendered":"https:\/\/mom-wife-robot.hu\/?post_type=product&#038;p=293"},"modified":"2025-06-12T12:48:00","modified_gmt":"2025-06-12T10:48:00","slug":"heti-tervezo-ferfiaknak","status":"publish","type":"product","link":"https:\/\/mom-wife-robot.hu\/?product=heti-tervezo-ferfiaknak","title":{"rendered":"Heti tervez\u0151 F\u00e9rfiaknak"},"content":{"rendered":"<p>Legyen sz\u00f3 szem\u00e9lyes c\u00e9lokr\u00f3l, munk\u00e1r\u00f3l, kikapcsol\u00f3d\u00e1sr\u00f3l &#8211; ez a heti tervez\u0151 seg\u00edt rendszert vinni a napokba.<br \/>\nLet\u00f6lthet\u0151, pip\u00e1lhat\u00f3, nyomtathat\u00f3 \u00e9s Canv\u00e1ban is szerkeszthet\u0151 &#8211; \u00fagy haszn\u00e1lod, ahogy Neked k\u00e9nyelmes.<\/p>\n<p>A csomag tartalma:<br \/>\n&#8211; 4 f\u00e9le heti tervez\u0151 design &#8211; k\u00e9pk\u00e9nt, nyomtat\u00e1shoz (tartalmaz egy nyomtat\u00f3bar\u00e1t verzi\u00f3t, ha sp\u00f3roln\u00e1l a fest\u00e9ken)<br \/>\n&#8211; A 4 design g\u00e9pen\/tableten\/telefonon is kit\u00f6lthet\u0151 verzi\u00f3ja, kattinthat\u00f3 PDF f\u00e1jlokk\u00e9nt (k\u00f6zt\u00fck egy szemk\u00edm\u00e9l\u0151 s\u00f6t\u00e9t sablonnal)<br \/>\n&#8211; Egy szerkeszthet\u0151 Canva sablon link, ha Canv\u00e1ban nyitn\u00e1d meg \u00e9s kedvedre szerkeszten\u00e9d<br \/>\n&#8211; Haszn\u00e1lati \u00fatmutat\u00f3<\/p>\n<p>Nyelv: Magyar<br \/>\nForm\u00e1tuma: A4 (nyomtat\u00f3bar\u00e1t)<\/p>\n","protected":false},"excerpt":{"rendered":"<p>Let\u00f6lthet\u0151 heti tervez\u0151 F\u00e9rfiaknak &#8211; PDF + Canva template<\/p>\n","protected":false},"featured_media":306,"comment_status":"open","ping_status":"closed","template":"","meta":{"_kadence_starter_templates_imported_post":false,"_kad_post_transparent":"default","_kad_post_title":"","_kad_post_layout":"default","_kad_post_sidebar_id":"","_kad_post_content_style":"default","_kad_post_vertical_padding":"default","_kad_post_feature":"","_kad_post_feature_position":"","_kad_post_header":false,"_kad_post_footer":false},"product_brand":[],"product_cat":[24],"product_tag":[26],"class_list":{"0":"post-293","1":"product","2":"type-product","3":"status-publish","4":"has-post-thumbnail","6":"product_cat-egyeb","7":"product_tag-heti-tervezo","9":"first","10":"instock","11":"downloadable","12":"virtual","13":"purchasable","14":"product-type-simple","15":"entry","16":"content-bg","17":"loop-entry"},"jetpack_sharing_enabled":true,"_links":{"self":[{"href":"https:\/\/mom-wife-robot.hu\/index.php?rest_route=\/wp\/v2\/product\/293","targetHints":{"allow":["GET"]}}],"collection":[{"href":"https:\/\/mom-wife-robot.hu\/index.php?rest_route=\/wp\/v2\/product"}],"about":[{"href":"https:\/\/mom-wife-robot.hu\/index.php?rest_route=\/wp\/v2\/types\/product"}],"replies":[{"embeddable":true,"href":"https:\/\/mom-wife-robot.hu\/index.php?rest_route=%2Fwp%2Fv2%2Fcomments&post=293"}],"wp:featuredmedia":[{"embeddable":true,"href":"https:\/\/mom-wife-robot.hu\/index.php?rest_route=\/wp\/v2\/media\/306"}],"wp:attachment":[{"href":"https:\/\/mom-wife-robot.hu\/index.php?rest_route=%2Fwp%2Fv2%2Fmedia&parent=293"}],"wp:term":[{"taxonomy":"product_brand","embeddable":true,"href":"https:\/\/mom-wife-robot.hu\/index.php?rest_route=%2Fwp%2Fv2%2Fproduct_brand&post=293"},{"taxonomy":"product_cat","embeddable":true,"href":"https:\/\/mom-wife-robot.hu\/index.php?rest_route=%2Fwp%2Fv2%2Fproduct_cat&post=293"},{"taxonomy":"product_tag","embeddable":true,"href":"https:\/\/mom-wife-robot.hu\/index.php?rest_route=%2Fwp%2Fv2%2Fproduct_tag&post=293"}],"curies":[{"name":"wp","href":"https:\/\/api.w.org\/{rel}","templated":true}]}}