{"id":69,"date":"2025-05-16T11:29:00","date_gmt":"2025-05-16T09:29:00","guid":{"rendered":"https:\/\/mom-wife-robot.hu\/?page_id=69"},"modified":"2025-06-12T14:15:34","modified_gmt":"2025-06-12T12:15:34","slug":"eladas","status":"publish","type":"page","link":"https:\/\/mom-wife-robot.hu\/?page_id=69","title":{"rendered":"Webshop"},"content":{"rendered":"<div data-block-name=\"woocommerce\/featured-product\" data-edit-mode=\"false\" data-focal-point=\"{&quot;x&quot;:0.49,&quot;y&quot;:0.33}\" data-product-id=\"293\" data-style=\"{&quot;elements&quot;:{&quot;link&quot;:{&quot;color&quot;:{&quot;text&quot;:&quot;var:preset|color|theme-palette7&quot;}}}}\" data-text-color=\"theme-palette7\" class=\"wc-block-featured-product alignnone has-background-dim has-text-color has-theme-palette7-color wp-elements-9b5a434604c58736685c7a4b22ef387e wp-block-woocommerce-featured-product\" style=\"min-height:500px;\"><div class=\"wc-block-featured-product__wrapper\"><div class=\"background-dim__overlay\" style=\"background-color: #000000\"><\/div><img decoding=\"async\" alt=\"Heti tervez\u0151 F\u00e9rfiaknak\" class=\"wc-block-featured-product__background-image\" src=\"https:\/\/mom-wife-robot.hu\/wp-content\/uploads\/2025\/06\/Mockup-heti-tervezo-ferfiaknak-683x1024.jpg\" style=\"object-fit: none;object-position: 49% 33%;\" \/><h2 class=\"wc-block-featured-product__title\">Heti tervez\u0151 F\u00e9rfiaknak<\/h2><div class=\"wc-block-featured-product__description\"><p>Let\u00f6lthet\u0151 heti tervez\u0151 F\u00e9rfiaknak &#8211; PDF + Canva template<\/p>\n<\/div><div class=\"wc-block-featured-product__price\"><span class=\"woocommerce-Price-amount amount\">1000&nbsp;<span class=\"woocommerce-Price-currencySymbol\">&#070;&#116;<\/span><\/span><\/div><div class=\"wc-block-featured-product__inner-blocks\">\n\n<div class=\"wp-block-buttons is-content-justification-center is-layout-flex wp-container-core-buttons-is-layout-16018d1d wp-block-buttons-is-layout-flex\">\n<div class=\"wp-block-button\"><a class=\"wp-block-button__link has-theme-palette-6-background-color has-background wp-element-button\" href=\"https:\/\/mom-wife-robot.hu\/?product=heti-tervezo-ferfiaknak\">V\u00e1s\u00e1rl\u00e1s most<\/a><\/div>\n<\/div>\n\n<\/div><\/div><\/div>","protected":false},"excerpt":{"rendered":"","protected":false},"author":1,"featured_media":0,"parent":0,"menu_order":0,"comment_status":"closed","ping_status":"closed","template":"","meta":{"_kadence_starter_templates_imported_post":false,"_kad_post_transparent":"","_kad_post_title":"hide","_kad_post_layout":"","_kad_post_sidebar_id":"","_kad_post_content_style":"","_kad_post_vertical_padding":"","_kad_post_feature":"","_kad_post_feature_position":"","_kad_post_header":false,"_kad_post_footer":false,"footnotes":""},"class_list":["post-69","page","type-page","status-publish","hentry"],"jetpack_sharing_enabled":true,"_links":{"self":[{"href":"https:\/\/mom-wife-robot.hu\/index.php?rest_route=\/wp\/v2\/pages\/69","targetHints":{"allow":["GET"]}}],"collection":[{"href":"https:\/\/mom-wife-robot.hu\/index.php?rest_route=\/wp\/v2\/pages"}],"about":[{"href":"https:\/\/mom-wife-robot.hu\/index.php?rest_route=\/wp\/v2\/types\/page"}],"author":[{"embeddable":true,"href":"https:\/\/mom-wife-robot.hu\/index.php?rest_route=\/wp\/v2\/users\/1"}],"replies":[{"embeddable":true,"href":"https:\/\/mom-wife-robot.hu\/index.php?rest_route=%2Fwp%2Fv2%2Fcomments&post=69"}],"version-history":[{"count":5,"href":"https:\/\/mom-wife-robot.hu\/index.php?rest_route=\/wp\/v2\/pages\/69\/revisions"}],"predecessor-version":[{"id":315,"href":"https:\/\/mom-wife-robot.hu\/index.php?rest_route=\/wp\/v2\/pages\/69\/revisions\/315"}],"wp:attachment":[{"href":"https:\/\/mom-wife-robot.hu\/index.php?rest_route=%2Fwp%2Fv2%2Fmedia&parent=69"}],"curies":[{"name":"wp","href":"https:\/\/api.w.org\/{rel}","templated":true}]}}